{"id":251,"date":"2025-09-28T11:41:13","date_gmt":"2025-09-28T09:41:13","guid":{"rendered":"https:\/\/fogaszatimplant.hu\/?page_id=251"},"modified":"2026-02-02T13:35:10","modified_gmt":"2026-02-02T12:35:10","slug":"data-processing-regulations","status":"publish","type":"page","link":"https:\/\/fogaszatiimplantatum.hu\/en\/adatkezelesi-szabalyzat\/","title":{"rendered":"Data processing policy"},"content":{"rendered":"<style>.elementor-251 .elementor-element.elementor-element-f2d0718{--display:flex;--flex-direction:row;--container-widget-width:calc( ( 1 - var( --container-widget-flex-grow ) ) * 100% );--container-widget-height:100%;--container-widget-flex-grow:1;--container-widget-align-self:stretch;--flex-wrap-mobile:wrap;--justify-content:center;--align-items:flex-end;--gap:16px 16px;--row-gap:16px;--column-gap:16px;--padding-top:80px;--padding-bottom:80px;--padding-left:0px;--padding-right:0px;}.elementor-251 .elementor-element.elementor-element-6a8b069{--display:flex;--padding-top:10px;--padding-bottom:10px;--padding-left:10px;--padding-right:10px;}.elementor-251 .elementor-element.elementor-element-2ffdeb6{text-align:start;}.elementor-251 .elementor-element.elementor-element-5ac50e3{text-align:start;}.elementor-251 .elementor-element.elementor-element-5ac50e3 .elementor-heading-title{font-size:18px;text-transform:none;line-height:1.3em;color:var( --e-global-color-bb55343 );}.elementor-251 .elementor-element.elementor-element-1e07e29{--display:flex;--flex-direction:row;--container-widget-width:initial;--container-widget-height:100%;--container-widget-flex-grow:1;--container-widget-align-self:stretch;--flex-wrap-mobile:wrap;--gap:0px 0px;--row-gap:0px;--column-gap:0px;--padding-top:0px;--padding-bottom:50px;--padding-left:0px;--padding-right:0px;}.elementor-251 .elementor-element.elementor-element-9a4a31f{--display:flex;--flex-direction:column;--container-widget-width:100%;--container-widget-height:initial;--container-widget-flex-grow:0;--container-widget-align-self:initial;--flex-wrap-mobile:wrap;--padding-top:10px;--padding-bottom:10px;--padding-left:10px;--padding-right:10px;}@media(min-width:768px){.elementor-251 .elementor-element.elementor-element-f2d0718{--content-width:1140px;}.elementor-251 .elementor-element.elementor-element-9a4a31f{--width:100%;}}@media(max-width:1024px){.elementor-251 .elementor-element.elementor-element-f2d0718{--flex-direction:column;--container-widget-width:100%;--container-widget-height:initial;--container-widget-flex-grow:0;--container-widget-align-self:initial;--flex-wrap-mobile:wrap;--padding-top:40px;--padding-bottom:40px;--padding-left:40px;--padding-right:40px;}}@media(max-width:767px){.elementor-251 .elementor-element.elementor-element-f2d0718{--padding-top:40px;--padding-bottom:40px;--padding-left:24px;--padding-right:24px;}}<\/style>\t\t<div data-elementor-type=\"wp-page\" data-elementor-id=\"251\" class=\"elementor elementor-251\" data-elementor-post-type=\"page\">\n\t\t\t\t<div class=\"elementor-element elementor-element-f2d0718 e-flex e-con-boxed e-con e-parent\" data-id=\"f2d0718\" data-element_type=\"container\" data-e-type=\"container\">\n\t\t\t\t\t<div class=\"e-con-inner\">\n\t\t<div class=\"elementor-element elementor-element-6a8b069 e-con-full e-flex e-con e-child\" data-id=\"6a8b069\" data-element_type=\"container\" data-e-type=\"container\">\n\t\t\t\t<div class=\"elementor-element elementor-element-2ffdeb6 elementor-widget elementor-widget-heading\" data-id=\"2ffdeb6\" data-element_type=\"widget\" data-e-type=\"widget\" data-widget_type=\"heading.default\">\n\t\t\t\t\t<h2 class=\"elementor-heading-title elementor-size-default\">Data processing policy<\/h2>\t\t\t\t<\/div>\n\t\t\t\t<div class=\"elementor-element elementor-element-5ac50e3 elementor-widget elementor-widget-heading\" data-id=\"5ac50e3\" data-element_type=\"widget\" data-e-type=\"widget\" data-widget_type=\"heading.default\">\n\t\t\t\t\t<h1 class=\"elementor-heading-title elementor-size-default\">Data processing policy - fogaszatiimplantatum.hu - Dekor Dent Implant Bt.<\/h1>\t\t\t\t<\/div>\n\t\t\t\t<\/div>\n\t\t\t\t\t<\/div>\n\t\t\t\t<\/div>\n\t\t<div class=\"elementor-element elementor-element-1e07e29 e-flex e-con-boxed e-con e-parent\" data-id=\"1e07e29\" data-element_type=\"container\" data-e-type=\"container\">\n\t\t\t\t\t<div class=\"e-con-inner\">\n\t\t<div class=\"elementor-element elementor-element-9a4a31f e-con-full e-flex e-con e-child\" data-id=\"9a4a31f\" data-element_type=\"container\" data-e-type=\"container\">\n\t\t\t\t<div class=\"elementor-element elementor-element-0c45831 elementor-widget elementor-widget-text-editor\" data-id=\"0c45831\" data-element_type=\"widget\" data-e-type=\"widget\" data-widget_type=\"text-editor.default\">\n\t\t\t\t\t\t\t\t\t<p>Data processing statement<\/p><p>The personal data you provide is processed by:<\/p><p><strong>Dekor Dent Implant Bt.<\/strong><\/p><p>Headquarters: 1123 Budapest, M\u00e1rv\u00e1ny Street 29, 3rd floor, 1st door<\/p><p>Tax number: 22564537-1-43<\/p><p>Company registration number: 01-06-796321<\/p><p>Registering court: Commercial Court of the Metropolitan Court \u2013 hereinafter referred to as: <strong>Data controller<\/strong>.<\/p><p>Please read this data protection notice (hereinafter referred to as:) carefully. <strong>Information<\/strong>), in which we describe our practices regarding the processing of your personal data in accordance with the General Data Protection Regulation (GDPR, i.e. Regulation 2016\/679 of the European Parliament and of the Council). This Notice is intended for persons using the services of the Data Controller as consumers (<strong>Tin<\/strong>) applies. It describes how the Data Controller collects, uses and in certain cases shares your personal data with third parties, and provides information about your \u201edata subject\u201d rights in relation to data processing.<\/p><p>The Data Controller (<a href=\"https:\/\/fogaszatiimplantatum.hu\/en\/imprint\/\">Imprint<\/a>) is committed to protecting the personal data and privacy of individuals visiting this website. This information and statement primarily concerns the confidential handling and protection of personal data of customers and newsletter subscribers via the Internet, but also includes visitors to the site. We summarize what data about you the owner may collect and use, and how they may use it. The data will not be passed on to unauthorized persons and will be used in the form specified in this information.<\/p><p>In individual cases, the purpose of data processing may change in contracts, which will be done under the conditions set out in the given contract.<\/p><p>This notice provides you with important information about the protection of your personal data and your rights in this regard. If the user does not accept these terms, he has the right to suspend use of the website and end browsing without providing any personal data.<\/p><p><strong>DATA CONTROLLER RESPONSIBILITY AND AVAILABILITY<\/strong><\/p><p><strong>1.1 Information about data processing<\/strong><\/p><p>Regarding the data processing described in this Notice <strong>Dekor Dent Implant Bt.<\/strong> the data controller (hereinafter referred to as: <strong>Data controller<\/strong>).<\/p><p>If you have any comments, questions or complaints regarding our data protection procedures, we can be reached at the following contact details: <strong>Dekor Dent Implant Bt.<\/strong>, 1123 Budapest, M\u00e1rv\u00e1ny utca 29. 3rd floor, door 1 or write to the e-mail address kapaksultan@fogaszatiimplantatum.hu.<\/p><table width=\"602\"><tbody><tr><td width=\"302\"><strong>Data controller<\/strong><\/td><td width=\"300\"><strong>Responsibilities<\/strong><\/td><\/tr><tr><td width=\"302\"><strong>Dekor Dent Implant Bt.<\/strong><br \/>1123 Budapest, M\u00e1rv\u00e1ny Street 29. 3rd floor, 1st door<\/td><td width=\"300\">All activities<\/td><\/tr><\/tbody><\/table><p>You have the right to access our websites without providing your personal data, however, in order to browse, you must accept the cookie policy and, in the case of subscribing to the newsletter, you must approve the privacy policy and declaration. Personal data is all information that relates to a natural person who can be identified, directly or indirectly, by identification number or by data related to it. In the event that the Owner of the site collects your personal data, the data collection is carried out with transparent and confidential data management.<\/p><p>Your personal data is information that can be used to identify you, such as: last name, first name, nationality, telephone number, postal address, e-mail address. Your personal data is collected voluntarily by the owner when you browse the site, indicating in each case the data that must be provided to achieve the goal. If you do not wish to provide this data, you will not be able to access certain functions and services of the website. The collection of data to be provided optionally serves to learn about user needs and to develop the website and services.<\/p><p>The Owner takes all measures to ensure that the personal data it processes are accurate and up-to-date.<\/p><p><strong>The following personal data is processed:<\/strong><\/p><ul><li>Last name, first name, contact name<\/li><li>Email address<\/li><li>Phone number<\/li><li>Message body<\/li><li>System information (IP address, system version, resolution, statistics on pages viewed on the website, browsing habits, behavioral patterns)<\/li><\/ul><p><strong>Duration of data processing:<\/strong><\/p><ul><li>For direct marketing purposes, until the user withdraws their consent<\/li><li>4 years from the last login for profile data<\/li><li>Regarding purchase data, 8 years pursuant to Section 169 (2) of the Accounting Act<\/li><\/ul><p><strong>Conditions for data transfer<\/strong><\/p><p>The Data Controller may transfer the data it processes \u2013 to the extent necessary \u2013 to persons and companies designated by it operating in the following areas:<\/p><ul><li>Data processing<\/li><li>Legal representation<\/li><li>Bodies authorized by law to handle legal disputes<\/li><li>Delivery<\/li><li>Accounting<\/li><li>Receivables management<\/li><li>Marketing<\/li><li>Invoicing<\/li><\/ul><p><strong>Data processors<\/strong><\/p><p>When making a purchase in the web store, the Data Controller (based on the delivery method indicated by the User) provides the User&#039;s name, delivery address (in the case of a courier service, e-mail address and telephone number - in order to coordinate the delivery time), as well as information related to the purchase price of the product to be collected (sometimes paid in advance) to the delivery company for the purpose of delivering the product to the User.<\/p><h3>\u00a0<\/h3><p><strong>Companies and persons processing data or involved in data management<\/strong><\/p><p>The owner, <strong>Dekor Dent Implant Bt.<\/strong> handles the data. In addition to the owner, other companies are also involved in the management and storage of the data of contractual customers.<\/p><p><strong>Which companies are involved in data processing?<\/strong><\/p><p>Companies involved in data processing during the Owner&#039;s activities:<\/p><p>It is necessary to list all service providers where personal data appears:<\/p><ul><li>Hosting provider: <strong>RACKFOREST INFORMATION TECHNOLOGY TRADE SERVICE AND CONSULTANCY LTD. (1132 Budapest, Victor Hugo utca 18-22, 3rd floor 3008 a. info@rackforest.hu) <\/strong><\/li><li><strong>Google Inc.<\/strong>: 1600 Amphitheater Parkway, Mountain View, CA 94043, USA, <a href=\"https:\/\/www.google.hu\/intl\/hu\/contact\/\">further contact details<\/a>, email system, cloud data and file storage, online document management, and related services: Google Drive, Google Docs, Google Search Console, Google Analytics, Google AdSense, Google AdWords, YouTube, Blogger, Chrome browser support \u2013 Google <a href=\"https:\/\/support.google.com\/a\/answer\/60762?hl=en\">data protection<\/a> and <a href=\"https:\/\/policies.google.com\/privacy?hl=hu\">privacy principles<\/a>.<\/li><li><strong>Facebook Ireland Ltd.<\/strong>: 4 Grand Canal Square, Grand Canal Harbour, Dublin 2 Ireland, supporting Facebook, Instagram, Messenger and other products and features offered by Facebook \u2013 <a href=\"https:\/\/www.facebook.com\/about\/privacy\/update\">data processing policy<\/a> and data protection officer <a href=\"https:\/\/www.facebook.com\/help\/contact\/540977946302970\">availability<\/a><a href=\"https:\/\/www.facebook.com\/help\/contact\/540977946302970\">.<\/a><\/li><li><strong>Twitter International Company<\/strong>: One Cumberland Place, Fenian Street, Dublin 2, D02 AX07 IRELAND, use of products and features offered by Twitter \u2013 <a href=\"https:\/\/twitter.com\/en\/privacy\">data processing policy<\/a> and <a href=\"https:\/\/twitter.com\/en\/tos\">asf<\/a>.<\/li><li>In special cases, the contract may include additional data processing persons or companies.<\/li><\/ul><p><strong>Data subject rights and enforcement<\/strong><\/p><p>If you do not wish your personal data to be used for the purpose of communicating commercial offers, you have the right to prohibit this without giving any reasons. You must send your request for deletion in writing to the Data Controller, by e-mail or by post, to: <a href=\"https:\/\/fogaszatiimplantatum.hu\/en\/imprint\/\">Imprint<\/a> to the indicated contact details.<\/p><p><strong>Protection of personal data of minors and persons with limited legal capacity<\/strong><\/p><p><strong>Dekor Dent Implant Bt. <\/strong>The content of its website and its appearances is mostly not intended for minors under the age of 13. We do not process or collect personal data from children under the age of 13 without verifiable parental or guardian consent. Parents or guardians may request the release or deletion of data relating to the child. If the age becomes apparent to the Data Controller during the data management and processing, the data may be used to obtain parental consent.<\/p><p>The consent of a legal representative is required for the declaration of a minor with limited legal capacity or incapacitated minors, except for service parts aimed at mass registration that occur in everyday life and do not require special consideration.<\/p><h3>\u00a0<\/h3><p><strong>Managing cookies<\/strong><\/p><p>You can read more about how we handle cookies in the Cookie Statement.<\/p><h3>\u00a0<\/h3><p><strong>Concepts<\/strong><\/p><ul><li><strong>Data processor: <\/strong>a natural or legal person, public authority, agency or any other body which processes personal data on behalf of the controller<\/li><li><strong>Data management: <\/strong>any operation or set of operations which is performed on personal data or data files, whether or not by automated means, such as: collection, recording, organisation, structuring, storage, adaptation, alteration, retrieval, consultation, use, disclosure, transmission, dissemination or otherwise making available, alignment or combination, restriction, erasure, destruction<\/li><li><strong>Data transmission:<\/strong> making personal data processed by the Data Controller accessible to third parties<\/li><li><strong>Data protection incident: <\/strong>a breach of security resulting in the accidental or unlawful destruction, loss, alteration, unauthorized disclosure of, or access to, personal data transmitted, stored, or otherwise processed<\/li><li><strong>Terms and Conditions<\/strong>: the General Terms and Conditions published on the website, setting out the Data Controller&#039;s product and service sales rules<\/li><li><strong>Identifiable natural person:<\/strong> a natural person who can be identified, directly or indirectly, by reference to an identifier such as a name, an identification number, location data, an online identifier or one or more factors specific to the physical, physiological, genetic, mental, economic, cultural or social identity of that person<\/li><li><strong>Addressee:<\/strong> natural or legal person, public authority, agency or any other body to which the personal data are disclosed, whether a third party or not<\/li><li><strong>Data subject&#039;s consent:<\/strong> a freely given, specific, informed and unambiguous indication of the data subject&#039;s wishes by which the data subject, by a statement or by a clear affirmative action, signifies agreement to the processing of personal data concerning him or her<\/li><li><strong>Affected:<\/strong> any natural person identified or identifiable on the basis of any information<\/li><li><strong>Users:<\/strong> visitors to the websites operated by the Data Controller, available on the website www.fogaszatiimplantatum.hu and other addresses specified there<\/li><li><strong>Third party:<\/strong> a natural or legal person, public authority, agency or any other body other than the data subject, the controller, the processor or the persons who, under the direct authority of the controller or processor, are authorised to process personal data<\/li><li><strong>Authorities: <\/strong>National Data Protection and Freedom of Information Authority (headquarters: 1125 Budapest, Szil\u00e1gyi Erzs\u00e9bet fasor 22\/c., telephone: 06-1 391-1400, fax: 06-1 391-1410, e-mail: ugyfelszolgalat@naih.hu, website: naih.hu)<\/li><li><strong>Partner\/Client:<\/strong> a natural person who enters into a contract with the Data Controller for the sale of a product or the provision of a service not on a website<\/li><li><strong>Registration: <\/strong>recording the website user&#039;s personal data to create a user account<\/li><li><strong>Personal data:<\/strong> any information concerning the data subject<\/li><li><strong>Service: <\/strong>provided by the Data Controller to its Customers, Partners and Users on the website or in any other way.<\/li><li><strong>Website:<\/strong> operated by the Data Controller, <strong>Dekor Dent Implant Bt.<\/strong> and its websites available at other addresses specified therein<\/li><\/ul><p><strong>\u00a0<\/strong><\/p>\t\t\t\t\t\t\t\t<\/div>\n\t\t\t\t<\/div>\n\t\t\t\t\t<\/div>\n\t\t\t\t<\/div>\n\t\t\t\t<\/div>","protected":false},"excerpt":{"rendered":"<p>Adatkezel\u00e9si szab\u00e1lyzat Adatkezel\u00e9si szab\u00e1lyzat &#8211; fogaszatiimplantatum.hu &#8211; Dekor Dent Implant Bt. Adatkezel\u00e9si nyilatkozat Az \u00d6n \u00e1ltal megadott szem\u00e9lyes adatokat kezeli: Dekor Dent Implant Bt Sz\u00e9khely: 1123 Budapest, M\u00e1rv\u00e1ny utca 29. 3. em. 1. ajt\u00f3 Ad\u00f3sz\u00e1m: 22564537-1-43 C\u00e9gjegyz\u00e9ksz\u00e1m: 01-06-796321 Nyilv\u00e1ntart\u00e1sba bejegyz\u0151 b\u00edr\u00f3s\u00e1g: F\u0151v\u00e1rosi T\u00f6rv\u00e9nysz\u00e9k C\u00e9gb\u00edr\u00f3s\u00e1ga &#8211; a tov\u00e1bbiakban: Adatkezel\u0151. K\u00e9rj\u00fck, figyelmesen olvassa el jelen adatkezel\u00e9si t\u00e1j\u00e9koztat\u00f3nkat [&hellip;]<\/p>\n","protected":false},"author":1,"featured_media":0,"parent":0,"menu_order":0,"comment_status":"closed","ping_status":"closed","template":"elementor_header_footer","meta":{"_seopress_robots_primary_cat":"","_seopress_titles_title":"","_seopress_titles_desc":"","_seopress_robots_index":"yes","footnotes":""},"class_list":["post-251","page","type-page","status-publish","hentry"],"_links":{"self":[{"href":"https:\/\/fogaszatiimplantatum.hu\/en\/wp-json\/wp\/v2\/pages\/251","targetHints":{"allow":["GET"]}}],"collection":[{"href":"https:\/\/fogaszatiimplantatum.hu\/en\/wp-json\/wp\/v2\/pages"}],"about":[{"href":"https:\/\/fogaszatiimplantatum.hu\/en\/wp-json\/wp\/v2\/types\/page"}],"author":[{"embeddable":true,"href":"https:\/\/fogaszatiimplantatum.hu\/en\/wp-json\/wp\/v2\/users\/1"}],"replies":[{"embeddable":true,"href":"https:\/\/fogaszatiimplantatum.hu\/en\/wp-json\/wp\/v2\/comments?post=251"}],"version-history":[{"count":22,"href":"https:\/\/fogaszatiimplantatum.hu\/en\/wp-json\/wp\/v2\/pages\/251\/revisions"}],"predecessor-version":[{"id":3169,"href":"https:\/\/fogaszatiimplantatum.hu\/en\/wp-json\/wp\/v2\/pages\/251\/revisions\/3169"}],"wp:attachment":[{"href":"https:\/\/fogaszatiimplantatum.hu\/en\/wp-json\/wp\/v2\/media?parent=251"}],"curies":[{"name":"wp","href":"https:\/\/api.w.org\/{rel}","templated":true}]}}